{"id":254,"date":"2025-11-12T22:52:08","date_gmt":"2025-11-12T22:52:08","guid":{"rendered":"https:\/\/lerncoaching-luebeck.de\/?page_id=254"},"modified":"2025-11-13T00:38:47","modified_gmt":"2025-11-13T00:38:47","slug":"startseite","status":"publish","type":"page","link":"https:\/\/lerncoaching-luebeck.de\/","title":{"rendered":"Startseite"},"content":{"rendered":"\n<p>Herzlich willkommen auf meiner neuen Homepage zum Thema \u201eLerncoaching\u201c. Hier bekommst du in meinem Blog regelm\u00e4\u00dfig viele Infos rund ums Lernen &#8211; wie du beispielsweise mit Pr\u00fcfungsangst umgehen kannst, wie du Lernstoff f\u00fcr dich sinnvoll gliederst oder auch, wie du selbst effektiv lernst. <br>Wenn du mehr Content von mir haben m\u00f6chtest, weil dir der Blog nicht reicht, melde dich doch einfach bei meinem Newsletter an. Entweder jetzt hier direkt auf dieser Seite, oder auf der Newsletterseite, auf der du auch noch weitere Informationen bekommst. <br>Es ist ja bald Adventszeit &#8211; meinen Adventskalender mit 24 Lerntipps bekommst du z.B. auch \u00fcber den Newsletter\u2026<\/p>\n\n\n\n<p>Schreibe mir gerne deine Herausforderungen rund ums Lernen und wie ich dir helfen kann &#8211; dann kann ich meine Posts besser auf dich zuschneiden.<\/p>\n\n\n\n<p><\/p>\n\n\n<div class=\"\"><div class='_form_1'><\/div><script type='text\/javascript' src='https:\/\/lerncoaching-luebeck63148.activehosted.com\/f\/embed.php?static=0&id=1&69FB219A45BEB&nostyles=0&preview=0'><\/script><\/div>","protected":false},"excerpt":{"rendered":"<p>Herzlich willkommen auf meiner neuen Homepage zum Thema \u201eLerncoaching\u201c. Hier bekommst du in meinem Blog regelm\u00e4\u00dfig viele Infos rund ums Lernen &#8211; wie du beispielsweise mit Pr\u00fcfungsangst umgehen kannst, wie du Lernstoff f\u00fcr dich sinnvoll gliederst oder auch, wie du selbst effektiv lernst. Wenn du mehr Content von mir haben m\u00f6chtest, weil dir der Blog [&hellip;]<\/p>\n","protected":false},"author":1,"featured_media":0,"parent":0,"menu_order":0,"comment_status":"closed","ping_status":"closed","template":"","meta":{"footnotes":""},"class_list":["post-254","page","type-page","status-publish","hentry"],"_links":{"self":[{"href":"https:\/\/lerncoaching-luebeck.de\/index.php?rest_route=\/wp\/v2\/pages\/254","targetHints":{"allow":["GET"]}}],"collection":[{"href":"https:\/\/lerncoaching-luebeck.de\/index.php?rest_route=\/wp\/v2\/pages"}],"about":[{"href":"https:\/\/lerncoaching-luebeck.de\/index.php?rest_route=\/wp\/v2\/types\/page"}],"author":[{"embeddable":true,"href":"https:\/\/lerncoaching-luebeck.de\/index.php?rest_route=\/wp\/v2\/users\/1"}],"replies":[{"embeddable":true,"href":"https:\/\/lerncoaching-luebeck.de\/index.php?rest_route=%2Fwp%2Fv2%2Fcomments&post=254"}],"version-history":[{"count":4,"href":"https:\/\/lerncoaching-luebeck.de\/index.php?rest_route=\/wp\/v2\/pages\/254\/revisions"}],"predecessor-version":[{"id":277,"href":"https:\/\/lerncoaching-luebeck.de\/index.php?rest_route=\/wp\/v2\/pages\/254\/revisions\/277"}],"wp:attachment":[{"href":"https:\/\/lerncoaching-luebeck.de\/index.php?rest_route=%2Fwp%2Fv2%2Fmedia&parent=254"}],"curies":[{"name":"wp","href":"https:\/\/api.w.org\/{rel}","templated":true}]}}