{"id":75,"date":"2025-10-16T12:12:16","date_gmt":"2025-10-16T12:12:16","guid":{"rendered":"http:\/\/lerncoaching-luebeck.de\/newsletter\/"},"modified":"2025-11-17T13:11:21","modified_gmt":"2025-11-17T13:11:21","slug":"newsletter","status":"publish","type":"page","link":"https:\/\/lerncoaching-luebeck.de\/?page_id=75","title":{"rendered":"Mehr Lerntipps &#8211; mein Newsletter (mit Freebie zur Pr\u00fcfungsplanung)"},"content":{"rendered":"\t\t<div data-elementor-type=\"wp-page\" data-elementor-id=\"75\" class=\"elementor elementor-75\">\n\t\t\t\t<div class=\"elementor-element elementor-element-59916cba e-flex e-con-boxed e-con e-parent\" data-id=\"59916cba\" data-element_type=\"container\" data-e-type=\"container\">\n\t\t\t\t\t<div class=\"e-con-inner\">\n\t\t\t\t<div class=\"elementor-element elementor-element-6f5d4b20 elementor-widget elementor-widget-text-editor\" data-id=\"6f5d4b20\" data-element_type=\"widget\" data-e-type=\"widget\" data-widget_type=\"text-editor.default\">\n\t\t\t\t\t\t\t\t\t<p>Willst du dein Lernen ver\u00e4ndern? Suchst du konkrete und umsetzbare Tipps gegen Pr\u00fcfungsangst? Oder brauchst du tiefergehende Anregungen, um deine Tage zu strukturieren? Hast du Lust, out-of-the-Box zu denken und neue Wege zum Lernen zu gehen? Dann gehe jetzt den ersten Schritt und melde dich JETZT zu meinem Newsletter an. Ein kostenloses Planungstool zur Pr\u00fcfungsvorbereitung bekommst du \u00fcbrigens als Dankesch\u00f6n gleich mit dazu.<br \/>Im Newsletter bekommst du (fast) w\u00f6chentlich wertvolle Tipps rund ums Lernen von mir per Mail geschickt. Als Abonnent des Newsletter wirst du immer zuerst von mir \u00fcber Neuigkeiten, Ver\u00e4nderungen oder aktuelle Sonderaktionen informiert. Wenn du z.B. den Adventskalender mit t\u00e4glichen Lerntipps bekommen m\u00f6chtest, melde dich gerne hier unten an. Es kostet dich nichts au\u00dfer deiner Mailadresse und deinem Vornamen.\u00a0<\/p>\t\t\t\t\t\t\t\t<\/div>\n\t\t\t\t\t<\/div>\n\t\t\t\t<\/div>\n\t\t\t\t<\/div>\n\t\t","protected":false},"excerpt":{"rendered":"<p>Willst du dein Lernen ver\u00e4ndern? Suchst du konkrete und umsetzbare Tipps gegen Pr\u00fcfungsangst? Oder brauchst du tiefergehende Anregungen, um deine Tage zu strukturieren? Hast du Lust, out-of-the-Box zu denken und neue Wege zum Lernen zu gehen? Dann gehe jetzt den ersten Schritt und melde dich JETZT zu meinem Newsletter an. Ein kostenloses Planungstool zur Pr\u00fcfungsvorbereitung [&hellip;]<\/p>\n","protected":false},"author":1,"featured_media":0,"parent":0,"menu_order":0,"comment_status":"closed","ping_status":"closed","template":"","meta":{"footnotes":""},"class_list":["post-75","page","type-page","status-publish","hentry"],"_links":{"self":[{"href":"https:\/\/lerncoaching-luebeck.de\/index.php?rest_route=\/wp\/v2\/pages\/75","targetHints":{"allow":["GET"]}}],"collection":[{"href":"https:\/\/lerncoaching-luebeck.de\/index.php?rest_route=\/wp\/v2\/pages"}],"about":[{"href":"https:\/\/lerncoaching-luebeck.de\/index.php?rest_route=\/wp\/v2\/types\/page"}],"author":[{"embeddable":true,"href":"https:\/\/lerncoaching-luebeck.de\/index.php?rest_route=\/wp\/v2\/users\/1"}],"replies":[{"embeddable":true,"href":"https:\/\/lerncoaching-luebeck.de\/index.php?rest_route=%2Fwp%2Fv2%2Fcomments&post=75"}],"version-history":[{"count":17,"href":"https:\/\/lerncoaching-luebeck.de\/index.php?rest_route=\/wp\/v2\/pages\/75\/revisions"}],"predecessor-version":[{"id":301,"href":"https:\/\/lerncoaching-luebeck.de\/index.php?rest_route=\/wp\/v2\/pages\/75\/revisions\/301"}],"wp:attachment":[{"href":"https:\/\/lerncoaching-luebeck.de\/index.php?rest_route=%2Fwp%2Fv2%2Fmedia&parent=75"}],"curies":[{"name":"wp","href":"https:\/\/api.w.org\/{rel}","templated":true}]}}